{"id":77,"date":"2021-07-29T16:24:27","date_gmt":"2021-07-29T14:24:27","guid":{"rendered":"https:\/\/it-jm.fr\/?page_id=77"},"modified":"2021-12-29T19:53:36","modified_gmt":"2021-12-29T18:53:36","slug":"gestionnaire-libre-de-parc-informatique","status":"publish","type":"page","link":"https:\/\/it-jm.fr\/?page_id=77","title":{"rendered":"Gestion Libre de Parc Informatique"},"content":{"rendered":"\t\t<div data-elementor-type=\"wp-page\" data-elementor-id=\"77\" class=\"elementor elementor-77\">\n\t\t\t\t\t\t<section class=\"elementor-section elementor-top-section elementor-element elementor-element-0d5bc7a elementor-section-boxed elementor-section-height-default elementor-section-height-default\" data-id=\"0d5bc7a\" data-element_type=\"section\" data-e-type=\"section\">\n\t\t\t\t\t\t<div class=\"elementor-container elementor-column-gap-default\">\n\t\t\t\t\t<div class=\"elementor-column elementor-col-100 elementor-top-column elementor-element elementor-element-b5c2c8f\" data-id=\"b5c2c8f\" data-element_type=\"column\" data-e-type=\"column\">\n\t\t\t<div class=\"elementor-widget-wrap elementor-element-populated\">\n\t\t\t\t\t\t<div class=\"elementor-element elementor-element-5253aa4 elementor-widget elementor-widget-heading\" data-id=\"5253aa4\" data-element_type=\"widget\" data-e-type=\"widget\" data-widget_type=\"heading.default\">\n\t\t\t\t<div class=\"elementor-widget-container\">\n\t\t\t\t\t<h4 class=\"elementor-heading-title elementor-size-default\">GLPI<\/h4>\t\t\t\t<\/div>\n\t\t\t\t<\/div>\n\t\t\t\t\t<\/div>\n\t\t<\/div>\n\t\t\t\t\t<\/div>\n\t\t<\/section>\n\t\t\t\t<section class=\"elementor-section elementor-top-section elementor-element elementor-element-32dc56d elementor-section-boxed elementor-section-height-default elementor-section-height-default\" data-id=\"32dc56d\" data-element_type=\"section\" data-e-type=\"section\">\n\t\t\t\t\t\t<div class=\"elementor-container elementor-column-gap-default\">\n\t\t\t\t\t<div class=\"elementor-column elementor-col-100 elementor-top-column elementor-element elementor-element-2e98d86\" data-id=\"2e98d86\" data-element_type=\"column\" data-e-type=\"column\">\n\t\t\t<div class=\"elementor-widget-wrap elementor-element-populated\">\n\t\t\t\t\t\t<div class=\"elementor-element elementor-element-dadda0a elementor-widget elementor-widget-text-editor\" data-id=\"dadda0a\" data-element_type=\"widget\" data-e-type=\"widget\" data-widget_type=\"text-editor.default\">\n\t\t\t\t<div class=\"elementor-widget-container\">\n\t\t\t\t\t\t\t\t\t<p>est un logiciel libre de gestion des services informatiques (ITSM) et de gestion des services d&rsquo;assistance (issue tracking system et ServiceDesk). Cette solution libre est \u00e9dit\u00e9e en PHP et distribu\u00e9e sous licence GPL.<\/p>\n<p>En tant que technologie libre, toute personne peut ex\u00e9cuter, modifier ou d\u00e9velopper le code qui est libre. De ce fait, les contributeurs peuvent participer \u00e0 l\u2019\u00e9volution du logiciel en soumettant des modules suppl\u00e9mentaires libre et open source, sur github.<\/p>\n<p>GLPI est une application web qui aide les entreprises \u00e0 g\u00e9rer leur syst\u00e8me d\u2019information. Parmi ses caract\u00e9ristiques, cette solution est capable de construire un inventaire de toutes les ressources de la soci\u00e9t\u00e9 et de r\u00e9aliser la gestion des t\u00e2ches administratives et financi\u00e8res. Les fonctionnalit\u00e9s de cette solution aident les Administrateurs IT \u00e0 cr\u00e9er une base de donn\u00e9es regroupant des ressources techniques et de gestion, ainsi qu\u2019un historique des actions de maintenance. La fonctionnalit\u00e9 de gestion d&rsquo;assistance ou helpdesk fournit aux utilisateurs un service leur permettant de signaler des incidents ou de cr\u00e9er des demandes bas\u00e9es sur un actif ou non, ceci par la cr\u00e9ation d&rsquo;un ticket d\u2019assistance.<\/p>\t\t\t\t\t\t\t\t<\/div>\n\t\t\t\t<\/div>\n\t\t\t\t\t<\/div>\n\t\t<\/div>\n\t\t\t\t\t<\/div>\n\t\t<\/section>\n\t\t\t\t<section class=\"elementor-section elementor-top-section elementor-element elementor-element-44f636e elementor-section-boxed elementor-section-height-default elementor-section-height-default\" data-id=\"44f636e\" data-element_type=\"section\" data-e-type=\"section\">\n\t\t\t\t\t\t<div class=\"elementor-container elementor-column-gap-default\">\n\t\t\t\t\t<div class=\"elementor-column elementor-col-100 elementor-top-column elementor-element elementor-element-752aff9\" data-id=\"752aff9\" data-element_type=\"column\" data-e-type=\"column\">\n\t\t\t<div class=\"elementor-widget-wrap elementor-element-populated\">\n\t\t\t\t\t\t<div class=\"elementor-element elementor-element-5c8bec4 elementor-widget elementor-widget-toggle\" data-id=\"5c8bec4\" data-element_type=\"widget\" data-e-type=\"widget\" data-widget_type=\"toggle.default\">\n\t\t\t\t<div class=\"elementor-widget-container\">\n\t\t\t\t\t\t\t<div class=\"elementor-toggle\">\n\t\t\t\t\t\t\t<div class=\"elementor-toggle-item\">\n\t\t\t\t\t<div id=\"elementor-tab-title-9701\" class=\"elementor-tab-title\" data-tab=\"1\" role=\"button\" aria-controls=\"elementor-tab-content-9701\" aria-expanded=\"false\">\n\t\t\t\t\t\t\t\t\t\t\t\t<span class=\"elementor-toggle-icon elementor-toggle-icon-left\" aria-hidden=\"true\">\n\t\t\t\t\t\t\t\t\t\t\t\t\t\t\t<span class=\"elementor-toggle-icon-closed\"><i class=\"fas fa-chevron-right\"><\/i><\/span>\n\t\t\t\t\t\t\t\t<span class=\"elementor-toggle-icon-opened\"><i class=\"elementor-toggle-icon-opened fas fa-chevron-down\"><\/i><\/span>\n\t\t\t\t\t\t\t\t\t\t\t\t\t<\/span>\n\t\t\t\t\t\t\t\t\t\t\t\t<a class=\"elementor-toggle-title\" tabindex=\"0\">Pr\u00e9requis<\/a>\n\t\t\t\t\t<\/div>\n\n\t\t\t\t\t<div id=\"elementor-tab-content-9701\" class=\"elementor-tab-content elementor-clearfix\" data-tab=\"1\" role=\"region\" aria-labelledby=\"elementor-tab-title-9701\"><\/div>\n\t\t\t\t<\/div>\n\t\t\t\t\t\t\t<div class=\"elementor-toggle-item\">\n\t\t\t\t\t<div id=\"elementor-tab-title-9702\" class=\"elementor-tab-title\" data-tab=\"2\" role=\"button\" aria-controls=\"elementor-tab-content-9702\" aria-expanded=\"false\">\n\t\t\t\t\t\t\t\t\t\t\t\t<span class=\"elementor-toggle-icon elementor-toggle-icon-left\" aria-hidden=\"true\">\n\t\t\t\t\t\t\t\t\t\t\t\t\t\t\t<span class=\"elementor-toggle-icon-closed\"><i class=\"fas fa-chevron-right\"><\/i><\/span>\n\t\t\t\t\t\t\t\t<span class=\"elementor-toggle-icon-opened\"><i class=\"elementor-toggle-icon-opened fas fa-chevron-down\"><\/i><\/span>\n\t\t\t\t\t\t\t\t\t\t\t\t\t<\/span>\n\t\t\t\t\t\t\t\t\t\t\t\t<a class=\"elementor-toggle-title\" tabindex=\"0\">Installation<\/a>\n\t\t\t\t\t<\/div>\n\n\t\t\t\t\t<div id=\"elementor-tab-content-9702\" class=\"elementor-tab-content elementor-clearfix\" data-tab=\"2\" role=\"region\" aria-labelledby=\"elementor-tab-title-9702\"><\/div>\n\t\t\t\t<\/div>\n\t\t\t\t\t\t\t<div class=\"elementor-toggle-item\">\n\t\t\t\t\t<div id=\"elementor-tab-title-9703\" class=\"elementor-tab-title\" data-tab=\"3\" role=\"button\" aria-controls=\"elementor-tab-content-9703\" aria-expanded=\"false\">\n\t\t\t\t\t\t\t\t\t\t\t\t<span class=\"elementor-toggle-icon elementor-toggle-icon-left\" aria-hidden=\"true\">\n\t\t\t\t\t\t\t\t\t\t\t\t\t\t\t<span class=\"elementor-toggle-icon-closed\"><i class=\"fas fa-chevron-right\"><\/i><\/span>\n\t\t\t\t\t\t\t\t<span class=\"elementor-toggle-icon-opened\"><i class=\"elementor-toggle-icon-opened fas fa-chevron-down\"><\/i><\/span>\n\t\t\t\t\t\t\t\t\t\t\t\t\t<\/span>\n\t\t\t\t\t\t\t\t\t\t\t\t<a class=\"elementor-toggle-title\" tabindex=\"0\">Plug-in<\/a>\n\t\t\t\t\t<\/div>\n\n\t\t\t\t\t<div id=\"elementor-tab-content-9703\" class=\"elementor-tab-content elementor-clearfix\" data-tab=\"3\" role=\"region\" aria-labelledby=\"elementor-tab-title-9703\"><\/div>\n\t\t\t\t<\/div>\n\t\t\t\t\t\t\t\t<\/div>\n\t\t\t\t\t\t<\/div>\n\t\t\t\t<\/div>\n\t\t\t\t\t<\/div>\n\t\t<\/div>\n\t\t\t\t\t<\/div>\n\t\t<\/section>\n\t\t\t\t<\/div>\n\t\t","protected":false},"excerpt":{"rendered":"<p>GLPI est un logiciel libre de gestion des services informatiques (ITSM) et de gestion des services d&rsquo;assistance (issue tracking system et ServiceDesk). Cette solution libre est \u00e9dit\u00e9e en PHP et distribu\u00e9e sous licence GPL. En tant que technologie libre, toute personne peut ex\u00e9cuter, modifier ou d\u00e9velopper le code qui est libre. De ce fait, les [&hellip;]<\/p>\n","protected":false},"author":1,"featured_media":0,"parent":0,"menu_order":0,"comment_status":"closed","ping_status":"closed","template":"","meta":{"footnotes":""},"class_list":["post-77","page","type-page","status-publish","hentry"],"yoast_head":"<!-- This site is optimized with the Yoast SEO plugin v27.4 - https:\/\/yoast.com\/product\/yoast-seo-wordpress\/ -->\n<title>Gestion Libre de Parc Informatique - IT-JM.FR<\/title>\n<meta name=\"robots\" content=\"index, follow, max-snippet:-1, max-image-preview:large, max-video-preview:-1\" \/>\n<link rel=\"canonical\" href=\"https:\/\/it-jm.fr\/?page_id=77\" \/>\n<meta property=\"og:locale\" content=\"fr_FR\" \/>\n<meta property=\"og:type\" content=\"article\" \/>\n<meta property=\"og:title\" content=\"Gestion Libre de Parc Informatique - IT-JM.FR\" \/>\n<meta property=\"og:description\" content=\"GLPI est un logiciel libre de gestion des services informatiques (ITSM) et de gestion des services d&rsquo;assistance (issue tracking system et ServiceDesk). Cette solution libre est \u00e9dit\u00e9e en PHP et distribu\u00e9e sous licence GPL. En tant que technologie libre, toute personne peut ex\u00e9cuter, modifier ou d\u00e9velopper le code qui est libre. De ce fait, les [&hellip;]\" \/>\n<meta property=\"og:url\" content=\"https:\/\/it-jm.fr\/?page_id=77\" \/>\n<meta property=\"og:site_name\" content=\"IT-JM.FR\" \/>\n<meta property=\"article:modified_time\" content=\"2021-12-29T18:53:36+00:00\" \/>\n<meta name=\"twitter:card\" content=\"summary_large_image\" \/>\n<meta name=\"twitter:label1\" content=\"Dur\u00e9e de lecture estim\u00e9e\" \/>\n\t<meta name=\"twitter:data1\" content=\"1 minute\" \/>\n<script type=\"application\/ld+json\" class=\"yoast-schema-graph\">{\"@context\":\"https:\\\/\\\/schema.org\",\"@graph\":[{\"@type\":\"WebPage\",\"@id\":\"https:\\\/\\\/it-jm.fr\\\/?page_id=77\",\"url\":\"https:\\\/\\\/it-jm.fr\\\/?page_id=77\",\"name\":\"Gestion Libre de Parc Informatique - IT-JM.FR\",\"isPartOf\":{\"@id\":\"https:\\\/\\\/it-jm.fr\\\/#website\"},\"datePublished\":\"2021-07-29T14:24:27+00:00\",\"dateModified\":\"2021-12-29T18:53:36+00:00\",\"breadcrumb\":{\"@id\":\"https:\\\/\\\/it-jm.fr\\\/?page_id=77#breadcrumb\"},\"inLanguage\":\"fr-FR\",\"potentialAction\":[{\"@type\":\"ReadAction\",\"target\":[\"https:\\\/\\\/it-jm.fr\\\/?page_id=77\"]}]},{\"@type\":\"BreadcrumbList\",\"@id\":\"https:\\\/\\\/it-jm.fr\\\/?page_id=77#breadcrumb\",\"itemListElement\":[{\"@type\":\"ListItem\",\"position\":1,\"name\":\"Accueil\",\"item\":\"https:\\\/\\\/it-jm.fr\\\/\"},{\"@type\":\"ListItem\",\"position\":2,\"name\":\"Gestion Libre de Parc Informatique\"}]},{\"@type\":\"WebSite\",\"@id\":\"https:\\\/\\\/it-jm.fr\\\/#website\",\"url\":\"https:\\\/\\\/it-jm.fr\\\/\",\"name\":\"IT-JM.FR\",\"description\":\"Ma vision de l&#039;IT\",\"potentialAction\":[{\"@type\":\"SearchAction\",\"target\":{\"@type\":\"EntryPoint\",\"urlTemplate\":\"https:\\\/\\\/it-jm.fr\\\/?s={search_term_string}\"},\"query-input\":{\"@type\":\"PropertyValueSpecification\",\"valueRequired\":true,\"valueName\":\"search_term_string\"}}],\"inLanguage\":\"fr-FR\"}]}<\/script>\n<!-- \/ Yoast SEO plugin. -->","yoast_head_json":{"title":"Gestion Libre de Parc Informatique - IT-JM.FR","robots":{"index":"index","follow":"follow","max-snippet":"max-snippet:-1","max-image-preview":"max-image-preview:large","max-video-preview":"max-video-preview:-1"},"canonical":"https:\/\/it-jm.fr\/?page_id=77","og_locale":"fr_FR","og_type":"article","og_title":"Gestion Libre de Parc Informatique - IT-JM.FR","og_description":"GLPI est un logiciel libre de gestion des services informatiques (ITSM) et de gestion des services d&rsquo;assistance (issue tracking system et ServiceDesk). Cette solution libre est \u00e9dit\u00e9e en PHP et distribu\u00e9e sous licence GPL. En tant que technologie libre, toute personne peut ex\u00e9cuter, modifier ou d\u00e9velopper le code qui est libre. De ce fait, les [&hellip;]","og_url":"https:\/\/it-jm.fr\/?page_id=77","og_site_name":"IT-JM.FR","article_modified_time":"2021-12-29T18:53:36+00:00","twitter_card":"summary_large_image","twitter_misc":{"Dur\u00e9e de lecture estim\u00e9e":"1 minute"},"schema":{"@context":"https:\/\/schema.org","@graph":[{"@type":"WebPage","@id":"https:\/\/it-jm.fr\/?page_id=77","url":"https:\/\/it-jm.fr\/?page_id=77","name":"Gestion Libre de Parc Informatique - IT-JM.FR","isPartOf":{"@id":"https:\/\/it-jm.fr\/#website"},"datePublished":"2021-07-29T14:24:27+00:00","dateModified":"2021-12-29T18:53:36+00:00","breadcrumb":{"@id":"https:\/\/it-jm.fr\/?page_id=77#breadcrumb"},"inLanguage":"fr-FR","potentialAction":[{"@type":"ReadAction","target":["https:\/\/it-jm.fr\/?page_id=77"]}]},{"@type":"BreadcrumbList","@id":"https:\/\/it-jm.fr\/?page_id=77#breadcrumb","itemListElement":[{"@type":"ListItem","position":1,"name":"Accueil","item":"https:\/\/it-jm.fr\/"},{"@type":"ListItem","position":2,"name":"Gestion Libre de Parc Informatique"}]},{"@type":"WebSite","@id":"https:\/\/it-jm.fr\/#website","url":"https:\/\/it-jm.fr\/","name":"IT-JM.FR","description":"Ma vision de l&#039;IT","potentialAction":[{"@type":"SearchAction","target":{"@type":"EntryPoint","urlTemplate":"https:\/\/it-jm.fr\/?s={search_term_string}"},"query-input":{"@type":"PropertyValueSpecification","valueRequired":true,"valueName":"search_term_string"}}],"inLanguage":"fr-FR"}]}},"_links":{"self":[{"href":"https:\/\/it-jm.fr\/index.php?rest_route=\/wp\/v2\/pages\/77","targetHints":{"allow":["GET"]}}],"collection":[{"href":"https:\/\/it-jm.fr\/index.php?rest_route=\/wp\/v2\/pages"}],"about":[{"href":"https:\/\/it-jm.fr\/index.php?rest_route=\/wp\/v2\/types\/page"}],"author":[{"embeddable":true,"href":"https:\/\/it-jm.fr\/index.php?rest_route=\/wp\/v2\/users\/1"}],"replies":[{"embeddable":true,"href":"https:\/\/it-jm.fr\/index.php?rest_route=%2Fwp%2Fv2%2Fcomments&post=77"}],"version-history":[{"count":54,"href":"https:\/\/it-jm.fr\/index.php?rest_route=\/wp\/v2\/pages\/77\/revisions"}],"predecessor-version":[{"id":327,"href":"https:\/\/it-jm.fr\/index.php?rest_route=\/wp\/v2\/pages\/77\/revisions\/327"}],"wp:attachment":[{"href":"https:\/\/it-jm.fr\/index.php?rest_route=%2Fwp%2Fv2%2Fmedia&parent=77"}],"curies":[{"name":"wp","href":"https:\/\/api.w.org\/{rel}","templated":true}]}}